{"id":7065,"date":"2021-11-09T18:56:05","date_gmt":"2021-11-09T18:56:05","guid":{"rendered":"https:\/\/codyfororegon.com\/?page_id=7065"},"modified":"2024-03-08T18:23:58","modified_gmt":"2024-03-08T18:23:58","slug":"about","status":"publish","type":"page","link":"https:\/\/codyfororegon.com\/es\/about\/","title":{"rendered":"Acerca de Cody"},"content":{"rendered":"<div class=\"vc_row wpb_row vc_row-fluid\"><div class=\"wpb_column vc_column_container vc_col-sm-12\"><div class=\"vc_column-inner\"><div class=\"wpb_wrapper\"><div class=\"vc_empty_space\"   style=\"height: 32px\"><span class=\"vc_empty_space_inner\"><\/span><\/div><div class=\"title-subtile-holder\"><h1 class=\"section-title dark_title\">Acerca de Cody<\/h1><div class=\"section-subtitle dark_subtitle\"><\/div><\/div>\n\t<div  class=\"wpb_single_image wpb_content_element vc_align_center\">\n\t\t\n\t\t<figure class=\"wpb_wrapper vc_figure\">\n\t\t\t<div class=\"vc_single_image-wrapper   vc_box_border_grey\"><img loading=\"lazy\" decoding=\"async\" width=\"1528\" height=\"1029\" src=\"https:\/\/codyfororegon.com\/wp-content\/uploads\/2022\/01\/Cody-Uniform-2.png\" class=\"vc_single_image-img attachment-full\" alt=\"Cody in Military Uniform\" srcset=\"https:\/\/codyfororegon.com\/wp-content\/uploads\/2022\/01\/Cody-Uniform-2.png 1528w, https:\/\/codyfororegon.com\/wp-content\/uploads\/2022\/01\/Cody-Uniform-2-300x202.png 300w, https:\/\/codyfororegon.com\/wp-content\/uploads\/2022\/01\/Cody-Uniform-2-1024x690.png 1024w, https:\/\/codyfororegon.com\/wp-content\/uploads\/2022\/01\/Cody-Uniform-2-768x517.png 768w, https:\/\/codyfororegon.com\/wp-content\/uploads\/2022\/01\/Cody-Uniform-2-600x404.png 600w\" sizes=\"(max-width: 1528px) 100vw, 1528px\" \/><\/div><figcaption class=\"vc_figure-caption\">Ni la informaci\u00f3n militar, ni las fotograf\u00edas implican el respaldo del Departamento de Defensa o del Ej\u00e9rcito de los Estados Unidos.<\/figcaption>\n\t\t<\/figure>\n\t<\/div>\n<\/div><\/div><\/div><\/div><div class=\"vc_row wpb_row vc_row-fluid\"><div class=\"wpb_column vc_column_container vc_col-sm-12\"><div class=\"vc_column-inner\"><div class=\"wpb_wrapper\"><div class=\"vc_empty_space\"   style=\"height: 32px\"><span class=\"vc_empty_space_inner\"><\/span><\/div><\/div><\/div><\/div><\/div><div class=\"vc_row wpb_row vc_row-fluid\"><div class=\"wpb_column vc_column_container vc_col-sm-12\"><div class=\"vc_column-inner\"><div class=\"wpb_wrapper\">\n\t<div class=\"wpb_text_column wpb_content_element\" >\n\t\t<div class=\"wpb_wrapper\">\n\t\t\t<p>Steven Cody Reynolds es un veterano condecorado del ej\u00e9rcito de Estados Unidos. Originalmente de Hawai, se traslad\u00f3 a Oreg\u00f3n cuando ten\u00eda 18 a\u00f1os para ayudar a su hermana a cuidar a su hijo peque\u00f1o. Vivi\u00f3 en Oreg\u00f3n durante un a\u00f1o antes de alistarse en el ej\u00e9rcito a los 19 a\u00f1os, donde fue destinado a la 101\u00aa Divisi\u00f3n Aerotransportada, donde estuvo destinado en Oriente Medio.<\/p>\n<figure id=\"attachment_7372\" aria-describedby=\"caption-attachment-7372\" style=\"width: 230px\" class=\"wp-caption alignright\"><img loading=\"lazy\" decoding=\"async\" class=\"wp-image-7372 size-medium\" src=\"https:\/\/codyfororegon.com\/wp-content\/uploads\/2021\/12\/15_ai-230x300.jpg\" alt=\"Cody Reynolds in Military\" width=\"230\" height=\"300\" srcset=\"https:\/\/codyfororegon.com\/wp-content\/uploads\/2021\/12\/15_ai-230x300.jpg 230w, https:\/\/codyfororegon.com\/wp-content\/uploads\/2021\/12\/15_ai-785x1024.jpg 785w, https:\/\/codyfororegon.com\/wp-content\/uploads\/2021\/12\/15_ai-768x1001.jpg 768w, https:\/\/codyfororegon.com\/wp-content\/uploads\/2021\/12\/15_ai-1178x1536.jpg 1178w, https:\/\/codyfororegon.com\/wp-content\/uploads\/2021\/12\/15_ai-1571x2048.jpg 1571w, https:\/\/codyfororegon.com\/wp-content\/uploads\/2021\/12\/15_ai-600x782.jpg 600w, https:\/\/codyfororegon.com\/wp-content\/uploads\/2021\/12\/15_ai-scaled.jpg 1963w\" sizes=\"(max-width: 230px) 100vw, 230px\" \/><figcaption id=\"caption-attachment-7372\" class=\"wp-caption-text\">Cody en la Academia Militar de Estados Unidos West Point<\/figcaption><\/figure>\n<p>Cody sirvi\u00f3 como soldado de infanter\u00eda de 1997 a 1999, despu\u00e9s lo cual ingres\u00f3 en la Academia Militar de los Estados Unidos (West Point). Cody se gradu\u00f3 de West Point en 2003 con un t\u00edtulo en psicolog\u00eda de la ingenier\u00eda. Fue comisionado como oficial de defensa a\u00e9rea y estuvo destinado en Fort Bliss, Texas, antes de ser herido y recibir una baja (descargo) honorable. Tras su separaci\u00f3n del Ej\u00e9rcito, Cody se asoci\u00f3 con su mejor amigo del instituto para crear una exitosa empresa de servicios financieros. Antes de la crisis financiera de 2008, Cody vendi\u00f3 su participaci\u00f3n en la empresa y decidi\u00f3 tomarse un a\u00f1o sab\u00e1tico para explorar el mundo y diferentes culturas.<\/p>\n<p>A su regreso, Cody decidi\u00f3 asistir a clases en la Universidad Estatal de Portland. Fue durante ese tiempo cuando Cody conoci\u00f3 a Barbara Ellis, que formaba parte del comit\u00e9 de descubrimiento de candidatos del partido progresista de Oreg\u00f3n, en su curso de Derecho Constitucional. En el transcurso de la clase, Barbara se acerc\u00f3 a Cody para que se presentara como candidato, ya que apreciaba sus posiciones y su capacidad para articular temas complejos.<\/p>\n<p>Cody nunca se hab\u00eda planteado ser pol\u00edtico, pero con el apoyo de Barbara, decidi\u00f3 presentarse como candidato al primer esca\u00f1o del Congreso durante las elecciones especiales de 2012. Aunque no gan\u00f3 ese esca\u00f1o, se sinti\u00f3 inspirado por el apoyo que recibi\u00f3 de los votantes de Oreg\u00f3n durante esa carrera. Posteriormente, se present\u00f3 a las elecciones generales de 2012 y de nuevo a las de 2014. Cody siempre se ha centrado en su capacidad para unir a la gente en torno a ideas y posiciones que son importantes para todas las personas. Es esta filosof\u00eda la que le ayud\u00f3 a unir al Partido Verde del Pac\u00edfico de Oreg\u00f3n, al Partido Libertario de Oreg\u00f3n y al Partido Progresista de Oreg\u00f3n detr\u00e1s de sus candidaturas.<\/p>\n<p><img loading=\"lazy\" decoding=\"async\" class=\"alignleft wp-image-7641\" src=\"https:\/\/codyfororegon.com\/wp-content\/uploads\/2024\/03\/CR2-683x1024.png\" alt=\"\" width=\"250\" height=\"375\" srcset=\"https:\/\/codyfororegon.com\/wp-content\/uploads\/2024\/03\/CR2-683x1024.png 683w, https:\/\/codyfororegon.com\/wp-content\/uploads\/2024\/03\/CR2-200x300.png 200w, https:\/\/codyfororegon.com\/wp-content\/uploads\/2024\/03\/CR2-768x1152.png 768w, https:\/\/codyfororegon.com\/wp-content\/uploads\/2024\/03\/CR2-1024x1536.png 1024w, https:\/\/codyfororegon.com\/wp-content\/uploads\/2024\/03\/CR2-1365x2048.png 1365w, https:\/\/codyfororegon.com\/wp-content\/uploads\/2024\/03\/CR2-8x12.png 8w, https:\/\/codyfororegon.com\/wp-content\/uploads\/2024\/03\/CR2-600x900.png 600w, https:\/\/codyfororegon.com\/wp-content\/uploads\/2024\/03\/CR2.png 2000w\" sizes=\"(max-width: 250px) 100vw, 250px\" \/><\/p>\n<p>Cody, tras presentarse a las elecciones, vio que la desafortunada realidad de la pol\u00edtica es que se necesita dinero para dar un golpe de efecto en cualquier carrera electoral. Con la vista puesta en el futuro y en servir a la gente de Oreg\u00f3n, Cody se centr\u00f3 en aumentar sus propias inversiones en tecnolog\u00eda y bienes inmuebles en los pr\u00f3ximos a\u00f1os para poder hacer la campa\u00f1a que siempre quiso. Una campa\u00f1a sin depender de donaciones y contribuciones de grupos de inter\u00e9s especiales, una campa\u00f1a creada para servir exclusivamente a los intereses de sus futuros electores.<\/p>\n<p>Las aficiones de Cody giran en torno a su inter\u00e9s por ayudar a los dem\u00e1s. Dedica gran parte de su tiempo a actividades filantr\u00f3picas, as\u00ed como a la tutor\u00eda y el asesoramiento de j\u00f3venes desfavorecidos. Es esta voluntad de servir y ayudar a los dem\u00e1s lo que hace que Cody sea la mejor persona para representar a la gente del 6\u00ba Distrito Congresual de Oreg\u00f3n.<\/p>\n\n\t\t<\/div>\n\t<\/div>\n<\/div><\/div><\/div><\/div>","protected":false},"excerpt":{"rendered":"About Cody Neither the military information, nor photographs imply endorsement by the Department of Defense or the United States Army. Steven Cody Reynolds is a decorated veteran of the United [...]","protected":false},"author":2,"featured_media":0,"parent":0,"menu_order":0,"comment_status":"closed","ping_status":"closed","template":"","meta":{"give_campaign_id":0,"footnotes":""},"class_list":["post-7065","page","type-page","status-publish","hentry"],"yoast_head":"<!-- This site is optimized with the Yoast SEO plugin v25.6 - https:\/\/yoast.com\/wordpress\/plugins\/seo\/ -->\n<title>About Cody - Cody Reynolds For Oregon&#039;s 6th Congressional District<\/title>\n<meta name=\"robots\" content=\"index, follow, max-snippet:-1, max-image-preview:large, max-video-preview:-1\" \/>\n<link rel=\"canonical\" href=\"https:\/\/codyfororegon.com\/es\/about\/\" \/>\n<meta property=\"og:locale\" content=\"es_MX\" \/>\n<meta property=\"og:type\" content=\"article\" \/>\n<meta property=\"og:title\" content=\"About Cody - Cody Reynolds For Oregon&#039;s 6th Congressional District\" \/>\n<meta property=\"og:url\" content=\"https:\/\/codyfororegon.com\/es\/about\/\" \/>\n<meta property=\"og:site_name\" content=\"Cody Reynolds For Oregon&#039;s 6th Congressional District\" \/>\n<meta property=\"article:publisher\" content=\"https:\/\/www.facebook.com\/CodyForOregon\/\" \/>\n<meta property=\"article:modified_time\" content=\"2024-03-08T18:23:58+00:00\" \/>\n<meta property=\"og:image\" content=\"https:\/\/codyfororegon.com\/wp-content\/uploads\/2021\/12\/15_ai-230x300.jpg\" \/>\n<meta name=\"twitter:card\" content=\"summary_large_image\" \/>\n<meta name=\"twitter:site\" content=\"@codyfororegon\" \/>\n<meta name=\"twitter:label1\" content=\"Tiempo de lectura\" \/>\n\t<meta name=\"twitter:data1\" content=\"3 minutos\" \/>\n<script type=\"application\/ld+json\" class=\"yoast-schema-graph\">{\"@context\":\"https:\/\/schema.org\",\"@graph\":[{\"@type\":\"WebPage\",\"@id\":\"https:\/\/codyfororegon.com\/about\/\",\"url\":\"https:\/\/codyfororegon.com\/about\/\",\"name\":\"About Cody - Cody Reynolds For Oregon&#039;s 6th Congressional District\",\"isPartOf\":{\"@id\":\"https:\/\/codyfororegon.com\/#website\"},\"primaryImageOfPage\":{\"@id\":\"https:\/\/codyfororegon.com\/about\/#primaryimage\"},\"image\":{\"@id\":\"https:\/\/codyfororegon.com\/about\/#primaryimage\"},\"thumbnailUrl\":\"https:\/\/codyfororegon.com\/wp-content\/uploads\/2021\/12\/15_ai-230x300.jpg\",\"datePublished\":\"2021-11-09T18:56:05+00:00\",\"dateModified\":\"2024-03-08T18:23:58+00:00\",\"breadcrumb\":{\"@id\":\"https:\/\/codyfororegon.com\/about\/#breadcrumb\"},\"inLanguage\":\"es\",\"potentialAction\":[{\"@type\":\"ReadAction\",\"target\":[\"https:\/\/codyfororegon.com\/about\/\"]}]},{\"@type\":\"ImageObject\",\"inLanguage\":\"es\",\"@id\":\"https:\/\/codyfororegon.com\/about\/#primaryimage\",\"url\":\"https:\/\/codyfororegon.com\/wp-content\/uploads\/2021\/12\/15_ai-230x300.jpg\",\"contentUrl\":\"https:\/\/codyfororegon.com\/wp-content\/uploads\/2021\/12\/15_ai-230x300.jpg\"},{\"@type\":\"BreadcrumbList\",\"@id\":\"https:\/\/codyfororegon.com\/about\/#breadcrumb\",\"itemListElement\":[{\"@type\":\"ListItem\",\"position\":1,\"name\":\"Home\",\"item\":\"https:\/\/codyfororegon.com\/\"},{\"@type\":\"ListItem\",\"position\":2,\"name\":\"About Cody\"}]},{\"@type\":\"WebSite\",\"@id\":\"https:\/\/codyfororegon.com\/#website\",\"url\":\"https:\/\/codyfororegon.com\/\",\"name\":\"Cody Reynolds For Oregon&#039;s 6th Congressional District\",\"description\":\"Cody For Oregon\",\"publisher\":{\"@id\":\"https:\/\/codyfororegon.com\/#organization\"},\"potentialAction\":[{\"@type\":\"SearchAction\",\"target\":{\"@type\":\"EntryPoint\",\"urlTemplate\":\"https:\/\/codyfororegon.com\/?s={search_term_string}\"},\"query-input\":{\"@type\":\"PropertyValueSpecification\",\"valueRequired\":true,\"valueName\":\"search_term_string\"}}],\"inLanguage\":\"es\"},{\"@type\":\"Organization\",\"@id\":\"https:\/\/codyfororegon.com\/#organization\",\"name\":\"Cody For Oregon\",\"url\":\"https:\/\/codyfororegon.com\/\",\"logo\":{\"@type\":\"ImageObject\",\"inLanguage\":\"es\",\"@id\":\"https:\/\/codyfororegon.com\/#\/schema\/logo\/image\/\",\"url\":\"https:\/\/codyfororegon.com\/wp-content\/uploads\/2022\/01\/Cody-For-Oregon-Picture-01-1024x576.png\",\"contentUrl\":\"https:\/\/codyfororegon.com\/wp-content\/uploads\/2022\/01\/Cody-For-Oregon-Picture-01-1024x576.png\",\"width\":1024,\"height\":576,\"caption\":\"Cody For Oregon\"},\"image\":{\"@id\":\"https:\/\/codyfororegon.com\/#\/schema\/logo\/image\/\"},\"sameAs\":[\"https:\/\/www.facebook.com\/CodyForOregon\/\",\"https:\/\/x.com\/codyfororegon\",\"https:\/\/www.instagram.com\/cody4oregon\/\",\"https:\/\/www.youtube.com\/channel\/UCotg7yX_vv7tNHrT9j0RYOQ\"]}]}<\/script>\n<!-- \/ Yoast SEO plugin. -->","yoast_head_json":{"title":"About Cody - Cody Reynolds For Oregon&#039;s 6th Congressional District","robots":{"index":"index","follow":"follow","max-snippet":"max-snippet:-1","max-image-preview":"max-image-preview:large","max-video-preview":"max-video-preview:-1"},"canonical":"https:\/\/codyfororegon.com\/es\/about\/","og_locale":"es_MX","og_type":"article","og_title":"About Cody - Cody Reynolds For Oregon&#039;s 6th Congressional District","og_url":"https:\/\/codyfororegon.com\/es\/about\/","og_site_name":"Cody Reynolds For Oregon&#039;s 6th Congressional District","article_publisher":"https:\/\/www.facebook.com\/CodyForOregon\/","article_modified_time":"2024-03-08T18:23:58+00:00","og_image":[{"url":"https:\/\/codyfororegon.com\/wp-content\/uploads\/2021\/12\/15_ai-230x300.jpg","type":"","width":"","height":""}],"twitter_card":"summary_large_image","twitter_site":"@codyfororegon","twitter_misc":{"Tiempo de lectura":"3 minutos"},"schema":{"@context":"https:\/\/schema.org","@graph":[{"@type":"WebPage","@id":"https:\/\/codyfororegon.com\/about\/","url":"https:\/\/codyfororegon.com\/about\/","name":"About Cody - Cody Reynolds For Oregon&#039;s 6th Congressional District","isPartOf":{"@id":"https:\/\/codyfororegon.com\/#website"},"primaryImageOfPage":{"@id":"https:\/\/codyfororegon.com\/about\/#primaryimage"},"image":{"@id":"https:\/\/codyfororegon.com\/about\/#primaryimage"},"thumbnailUrl":"https:\/\/codyfororegon.com\/wp-content\/uploads\/2021\/12\/15_ai-230x300.jpg","datePublished":"2021-11-09T18:56:05+00:00","dateModified":"2024-03-08T18:23:58+00:00","breadcrumb":{"@id":"https:\/\/codyfororegon.com\/about\/#breadcrumb"},"inLanguage":"es","potentialAction":[{"@type":"ReadAction","target":["https:\/\/codyfororegon.com\/about\/"]}]},{"@type":"ImageObject","inLanguage":"es","@id":"https:\/\/codyfororegon.com\/about\/#primaryimage","url":"https:\/\/codyfororegon.com\/wp-content\/uploads\/2021\/12\/15_ai-230x300.jpg","contentUrl":"https:\/\/codyfororegon.com\/wp-content\/uploads\/2021\/12\/15_ai-230x300.jpg"},{"@type":"BreadcrumbList","@id":"https:\/\/codyfororegon.com\/about\/#breadcrumb","itemListElement":[{"@type":"ListItem","position":1,"name":"Home","item":"https:\/\/codyfororegon.com\/"},{"@type":"ListItem","position":2,"name":"About Cody"}]},{"@type":"WebSite","@id":"https:\/\/codyfororegon.com\/#website","url":"https:\/\/codyfororegon.com\/","name":"Cody Reynolds For Oregon&#039;s 6th Congressional District","description":"Cody For Oregon","publisher":{"@id":"https:\/\/codyfororegon.com\/#organization"},"potentialAction":[{"@type":"SearchAction","target":{"@type":"EntryPoint","urlTemplate":"https:\/\/codyfororegon.com\/?s={search_term_string}"},"query-input":{"@type":"PropertyValueSpecification","valueRequired":true,"valueName":"search_term_string"}}],"inLanguage":"es"},{"@type":"Organization","@id":"https:\/\/codyfororegon.com\/#organization","name":"Cody For Oregon","url":"https:\/\/codyfororegon.com\/","logo":{"@type":"ImageObject","inLanguage":"es","@id":"https:\/\/codyfororegon.com\/#\/schema\/logo\/image\/","url":"https:\/\/codyfororegon.com\/wp-content\/uploads\/2022\/01\/Cody-For-Oregon-Picture-01-1024x576.png","contentUrl":"https:\/\/codyfororegon.com\/wp-content\/uploads\/2022\/01\/Cody-For-Oregon-Picture-01-1024x576.png","width":1024,"height":576,"caption":"Cody For Oregon"},"image":{"@id":"https:\/\/codyfororegon.com\/#\/schema\/logo\/image\/"},"sameAs":["https:\/\/www.facebook.com\/CodyForOregon\/","https:\/\/x.com\/codyfororegon","https:\/\/www.instagram.com\/cody4oregon\/","https:\/\/www.youtube.com\/channel\/UCotg7yX_vv7tNHrT9j0RYOQ"]}]}},"campaignId":"","_links":{"self":[{"href":"https:\/\/codyfororegon.com\/es\/wp-json\/wp\/v2\/pages\/7065"}],"collection":[{"href":"https:\/\/codyfororegon.com\/es\/wp-json\/wp\/v2\/pages"}],"about":[{"href":"https:\/\/codyfororegon.com\/es\/wp-json\/wp\/v2\/types\/page"}],"author":[{"embeddable":true,"href":"https:\/\/codyfororegon.com\/es\/wp-json\/wp\/v2\/users\/2"}],"replies":[{"embeddable":true,"href":"https:\/\/codyfororegon.com\/es\/wp-json\/wp\/v2\/comments?post=7065"}],"version-history":[{"count":63,"href":"https:\/\/codyfororegon.com\/es\/wp-json\/wp\/v2\/pages\/7065\/revisions"}],"predecessor-version":[{"id":7647,"href":"https:\/\/codyfororegon.com\/es\/wp-json\/wp\/v2\/pages\/7065\/revisions\/7647"}],"wp:attachment":[{"href":"https:\/\/codyfororegon.com\/es\/wp-json\/wp\/v2\/media?parent=7065"}],"curies":[{"name":"wp","href":"https:\/\/api.w.org\/{rel}","templated":true}]}}