{"id":7091,"date":"2021-11-09T20:33:10","date_gmt":"2021-11-09T20:33:10","guid":{"rendered":"https:\/\/codyfororegon.com\/?page_id=7091"},"modified":"2022-01-10T02:30:02","modified_gmt":"2022-01-10T02:30:02","slug":"healthcare","status":"publish","type":"page","link":"https:\/\/codyfororegon.com\/es\/issues\/healthcare\/","title":{"rendered":"Asistencia sanitaria"},"content":{"rendered":"<div class=\"vc_row wpb_row vc_row-fluid\"><div class=\"wpb_column vc_column_container vc_col-sm-12\"><div class=\"vc_column-inner\"><div class=\"wpb_wrapper\"><div class=\"vc_empty_space\"   style=\"height: 32px\"><span class=\"vc_empty_space_inner\"><\/span><\/div><div class=\"title-subtile-holder\"><h1 class=\"section-title dark_title\">Asistencia sanitaria<\/h1><div class=\"section-subtitle dark_subtitle\"><\/div><\/div><\/div><\/div><\/div><\/div><div class=\"vc_row wpb_row vc_row-fluid\"><div class=\"wpb_column vc_column_container vc_col-sm-12\"><div class=\"vc_column-inner\"><div class=\"wpb_wrapper\">\n\t<div class=\"wpb_text_column wpb_content_element  vc_custom_1641781777076\" >\n\t\t<div class=\"wpb_wrapper\">\n\t\t\t<p>La asistencia sanitaria es un derecho humano. Creo firmemente en Medicare para todos y s\u00e9 que deber\u00eda estar abierto a cualquiera que decida inscribirse en \u00e9l. Medicare debe existir como una base de atenci\u00f3n que puede complementarse con un seguro privado para aquellos que lo prefieran. Medicare es una atenci\u00f3n de alta calidad para todos, tiene un largo historial de tratamiento eficaz de nuestros mayores, y podr\u00eda ampliarse para hacer lo mismo para todos los estadounidenses.<\/p>\n<p>We don\u2019t have a choice at this point. We have to have health care, and I believe that one of the ways that we can actually start addressing these burdens on the families of Oregonians is through policy decisions. The easiest example is allowing for Medicare to negotiate for better rates for medications and treatments by leveraging the size of the Medicare system\u2019s purchasing power.<\/p>\n\n\t\t<\/div>\n\t<\/div>\n<\/div><\/div><\/div><\/div><div class=\"vc_row wpb_row vc_row-fluid\"><div class=\"wpb_column vc_column_container vc_col-sm-12\"><div class=\"vc_column-inner\"><div class=\"wpb_wrapper\"><div class=\"vc_empty_space\"   style=\"height: 32px\"><span class=\"vc_empty_space_inner\"><\/span><\/div><div class=\"title-subtile-holder\"><h1 class=\"section-title dark_title\">Atenci\u00f3n sanitaria a los veteranos<\/h1><div class=\"section-subtitle dark_subtitle\"><\/div><\/div>\n\t<div class=\"wpb_text_column wpb_content_element  vc_custom_1641523587525\" >\n\t\t<div class=\"wpb_wrapper\">\n\t\t\t<p>Creo que nuestros veteranos se merecen una atenci\u00f3n de m\u00e1xima calidad, que incluya el acceso a tratamientos de vanguardia como las c\u00e9lulas madre, si as\u00ed lo desean.<\/p>\n\n\t\t<\/div>\n\t<\/div>\n<\/div><\/div><\/div><\/div>","protected":false},"excerpt":{"rendered":"Healthcare Healthcare is a human right. I firmly believe in Medicare for All and know it should be open anyone who chooses to enroll into it. Medicare should exist as [...]","protected":false},"author":2,"featured_media":7361,"parent":7068,"menu_order":2,"comment_status":"closed","ping_status":"closed","template":"","meta":{"give_campaign_id":0,"footnotes":""},"class_list":["post-7091","page","type-page","status-publish","has-post-thumbnail","hentry"],"yoast_head":"<!-- This site is optimized with the Yoast SEO plugin v25.6 - https:\/\/yoast.com\/wordpress\/plugins\/seo\/ -->\n<title>Healthcare - Cody Reynolds For Oregon&#039;s 6th Congressional District<\/title>\n<meta name=\"description\" content=\"When it comes to healthcare, Oregonians deserve lower costs, greater access, and greater coverage. Cody believes healthcare is a universal right.\" \/>\n<meta name=\"robots\" content=\"index, follow, max-snippet:-1, max-image-preview:large, max-video-preview:-1\" \/>\n<link rel=\"canonical\" href=\"https:\/\/codyfororegon.com\/es\/issues\/healthcare\/\" \/>\n<meta property=\"og:locale\" content=\"es_MX\" \/>\n<meta property=\"og:type\" content=\"article\" \/>\n<meta property=\"og:title\" content=\"Healthcare - Cody Reynolds For Oregon&#039;s 6th Congressional District\" \/>\n<meta property=\"og:description\" content=\"When it comes to healthcare, Oregonians deserve lower costs, greater access, and greater coverage. Cody believes healthcare is a universal right.\" \/>\n<meta property=\"og:url\" content=\"https:\/\/codyfororegon.com\/es\/issues\/healthcare\/\" \/>\n<meta property=\"og:site_name\" content=\"Cody Reynolds For Oregon&#039;s 6th Congressional District\" \/>\n<meta property=\"article:publisher\" content=\"https:\/\/www.facebook.com\/CodyForOregon\/\" \/>\n<meta property=\"article:modified_time\" content=\"2022-01-10T02:30:02+00:00\" \/>\n<meta property=\"og:image\" content=\"https:\/\/codyfororegon.com\/wp-content\/uploads\/2021\/12\/hospital-e1641056764416.png\" \/>\n\t<meta property=\"og:image:width\" content=\"422\" \/>\n\t<meta property=\"og:image:height\" content=\"300\" \/>\n\t<meta property=\"og:image:type\" content=\"image\/png\" \/>\n<meta name=\"twitter:card\" content=\"summary_large_image\" \/>\n<meta name=\"twitter:site\" content=\"@codyfororegon\" \/>\n<meta name=\"twitter:label1\" content=\"Tiempo de lectura\" \/>\n\t<meta name=\"twitter:data1\" content=\"1 minuto\" \/>\n<script type=\"application\/ld+json\" class=\"yoast-schema-graph\">{\"@context\":\"https:\/\/schema.org\",\"@graph\":[{\"@type\":\"WebPage\",\"@id\":\"https:\/\/codyfororegon.com\/issues\/healthcare\/\",\"url\":\"https:\/\/codyfororegon.com\/issues\/healthcare\/\",\"name\":\"Healthcare - Cody Reynolds For Oregon&#039;s 6th Congressional District\",\"isPartOf\":{\"@id\":\"https:\/\/codyfororegon.com\/#website\"},\"primaryImageOfPage\":{\"@id\":\"https:\/\/codyfororegon.com\/issues\/healthcare\/#primaryimage\"},\"image\":{\"@id\":\"https:\/\/codyfororegon.com\/issues\/healthcare\/#primaryimage\"},\"thumbnailUrl\":\"https:\/\/codyfororegon.com\/wp-content\/uploads\/2021\/12\/hospital-e1641056764416.png\",\"datePublished\":\"2021-11-09T20:33:10+00:00\",\"dateModified\":\"2022-01-10T02:30:02+00:00\",\"description\":\"When it comes to healthcare, Oregonians deserve lower costs, greater access, and greater coverage. Cody believes healthcare is a universal right.\",\"breadcrumb\":{\"@id\":\"https:\/\/codyfororegon.com\/issues\/healthcare\/#breadcrumb\"},\"inLanguage\":\"es\",\"potentialAction\":[{\"@type\":\"ReadAction\",\"target\":[\"https:\/\/codyfororegon.com\/issues\/healthcare\/\"]}]},{\"@type\":\"ImageObject\",\"inLanguage\":\"es\",\"@id\":\"https:\/\/codyfororegon.com\/issues\/healthcare\/#primaryimage\",\"url\":\"https:\/\/codyfororegon.com\/wp-content\/uploads\/2021\/12\/hospital-e1641056764416.png\",\"contentUrl\":\"https:\/\/codyfororegon.com\/wp-content\/uploads\/2021\/12\/hospital-e1641056764416.png\",\"width\":422,\"height\":300,\"caption\":\"Affordable Healthcare\"},{\"@type\":\"BreadcrumbList\",\"@id\":\"https:\/\/codyfororegon.com\/issues\/healthcare\/#breadcrumb\",\"itemListElement\":[{\"@type\":\"ListItem\",\"position\":1,\"name\":\"Home\",\"item\":\"https:\/\/codyfororegon.com\/\"},{\"@type\":\"ListItem\",\"position\":2,\"name\":\"Issues\",\"item\":\"https:\/\/codyfororegon.com\/issues\/\"},{\"@type\":\"ListItem\",\"position\":3,\"name\":\"Healthcare\"}]},{\"@type\":\"WebSite\",\"@id\":\"https:\/\/codyfororegon.com\/#website\",\"url\":\"https:\/\/codyfororegon.com\/\",\"name\":\"Cody Reynolds For Oregon&#039;s 6th Congressional District\",\"description\":\"Cody For Oregon\",\"publisher\":{\"@id\":\"https:\/\/codyfororegon.com\/#organization\"},\"potentialAction\":[{\"@type\":\"SearchAction\",\"target\":{\"@type\":\"EntryPoint\",\"urlTemplate\":\"https:\/\/codyfororegon.com\/?s={search_term_string}\"},\"query-input\":{\"@type\":\"PropertyValueSpecification\",\"valueRequired\":true,\"valueName\":\"search_term_string\"}}],\"inLanguage\":\"es\"},{\"@type\":\"Organization\",\"@id\":\"https:\/\/codyfororegon.com\/#organization\",\"name\":\"Cody For Oregon\",\"url\":\"https:\/\/codyfororegon.com\/\",\"logo\":{\"@type\":\"ImageObject\",\"inLanguage\":\"es\",\"@id\":\"https:\/\/codyfororegon.com\/#\/schema\/logo\/image\/\",\"url\":\"https:\/\/codyfororegon.com\/wp-content\/uploads\/2022\/01\/Cody-For-Oregon-Picture-01-1024x576.png\",\"contentUrl\":\"https:\/\/codyfororegon.com\/wp-content\/uploads\/2022\/01\/Cody-For-Oregon-Picture-01-1024x576.png\",\"width\":1024,\"height\":576,\"caption\":\"Cody For Oregon\"},\"image\":{\"@id\":\"https:\/\/codyfororegon.com\/#\/schema\/logo\/image\/\"},\"sameAs\":[\"https:\/\/www.facebook.com\/CodyForOregon\/\",\"https:\/\/x.com\/codyfororegon\",\"https:\/\/www.instagram.com\/cody4oregon\/\",\"https:\/\/www.youtube.com\/channel\/UCotg7yX_vv7tNHrT9j0RYOQ\"]}]}<\/script>\n<!-- \/ Yoast SEO plugin. -->","yoast_head_json":{"title":"Healthcare - Cody Reynolds For Oregon&#039;s 6th Congressional District","description":"When it comes to healthcare, Oregonians deserve lower costs, greater access, and greater coverage. Cody believes healthcare is a universal right.","robots":{"index":"index","follow":"follow","max-snippet":"max-snippet:-1","max-image-preview":"max-image-preview:large","max-video-preview":"max-video-preview:-1"},"canonical":"https:\/\/codyfororegon.com\/es\/issues\/healthcare\/","og_locale":"es_MX","og_type":"article","og_title":"Healthcare - Cody Reynolds For Oregon&#039;s 6th Congressional District","og_description":"When it comes to healthcare, Oregonians deserve lower costs, greater access, and greater coverage. Cody believes healthcare is a universal right.","og_url":"https:\/\/codyfororegon.com\/es\/issues\/healthcare\/","og_site_name":"Cody Reynolds For Oregon&#039;s 6th Congressional District","article_publisher":"https:\/\/www.facebook.com\/CodyForOregon\/","article_modified_time":"2022-01-10T02:30:02+00:00","og_image":[{"width":422,"height":300,"url":"https:\/\/codyfororegon.com\/wp-content\/uploads\/2021\/12\/hospital-e1641056764416.png","type":"image\/png"}],"twitter_card":"summary_large_image","twitter_site":"@codyfororegon","twitter_misc":{"Tiempo de lectura":"1 minuto"},"schema":{"@context":"https:\/\/schema.org","@graph":[{"@type":"WebPage","@id":"https:\/\/codyfororegon.com\/issues\/healthcare\/","url":"https:\/\/codyfororegon.com\/issues\/healthcare\/","name":"Healthcare - Cody Reynolds For Oregon&#039;s 6th Congressional District","isPartOf":{"@id":"https:\/\/codyfororegon.com\/#website"},"primaryImageOfPage":{"@id":"https:\/\/codyfororegon.com\/issues\/healthcare\/#primaryimage"},"image":{"@id":"https:\/\/codyfororegon.com\/issues\/healthcare\/#primaryimage"},"thumbnailUrl":"https:\/\/codyfororegon.com\/wp-content\/uploads\/2021\/12\/hospital-e1641056764416.png","datePublished":"2021-11-09T20:33:10+00:00","dateModified":"2022-01-10T02:30:02+00:00","description":"When it comes to healthcare, Oregonians deserve lower costs, greater access, and greater coverage. Cody believes healthcare is a universal right.","breadcrumb":{"@id":"https:\/\/codyfororegon.com\/issues\/healthcare\/#breadcrumb"},"inLanguage":"es","potentialAction":[{"@type":"ReadAction","target":["https:\/\/codyfororegon.com\/issues\/healthcare\/"]}]},{"@type":"ImageObject","inLanguage":"es","@id":"https:\/\/codyfororegon.com\/issues\/healthcare\/#primaryimage","url":"https:\/\/codyfororegon.com\/wp-content\/uploads\/2021\/12\/hospital-e1641056764416.png","contentUrl":"https:\/\/codyfororegon.com\/wp-content\/uploads\/2021\/12\/hospital-e1641056764416.png","width":422,"height":300,"caption":"Affordable Healthcare"},{"@type":"BreadcrumbList","@id":"https:\/\/codyfororegon.com\/issues\/healthcare\/#breadcrumb","itemListElement":[{"@type":"ListItem","position":1,"name":"Home","item":"https:\/\/codyfororegon.com\/"},{"@type":"ListItem","position":2,"name":"Issues","item":"https:\/\/codyfororegon.com\/issues\/"},{"@type":"ListItem","position":3,"name":"Healthcare"}]},{"@type":"WebSite","@id":"https:\/\/codyfororegon.com\/#website","url":"https:\/\/codyfororegon.com\/","name":"Cody Reynolds For Oregon&#039;s 6th Congressional District","description":"Cody For Oregon","publisher":{"@id":"https:\/\/codyfororegon.com\/#organization"},"potentialAction":[{"@type":"SearchAction","target":{"@type":"EntryPoint","urlTemplate":"https:\/\/codyfororegon.com\/?s={search_term_string}"},"query-input":{"@type":"PropertyValueSpecification","valueRequired":true,"valueName":"search_term_string"}}],"inLanguage":"es"},{"@type":"Organization","@id":"https:\/\/codyfororegon.com\/#organization","name":"Cody For Oregon","url":"https:\/\/codyfororegon.com\/","logo":{"@type":"ImageObject","inLanguage":"es","@id":"https:\/\/codyfororegon.com\/#\/schema\/logo\/image\/","url":"https:\/\/codyfororegon.com\/wp-content\/uploads\/2022\/01\/Cody-For-Oregon-Picture-01-1024x576.png","contentUrl":"https:\/\/codyfororegon.com\/wp-content\/uploads\/2022\/01\/Cody-For-Oregon-Picture-01-1024x576.png","width":1024,"height":576,"caption":"Cody For Oregon"},"image":{"@id":"https:\/\/codyfororegon.com\/#\/schema\/logo\/image\/"},"sameAs":["https:\/\/www.facebook.com\/CodyForOregon\/","https:\/\/x.com\/codyfororegon","https:\/\/www.instagram.com\/cody4oregon\/","https:\/\/www.youtube.com\/channel\/UCotg7yX_vv7tNHrT9j0RYOQ"]}]}},"campaignId":"","_links":{"self":[{"href":"https:\/\/codyfororegon.com\/es\/wp-json\/wp\/v2\/pages\/7091"}],"collection":[{"href":"https:\/\/codyfororegon.com\/es\/wp-json\/wp\/v2\/pages"}],"about":[{"href":"https:\/\/codyfororegon.com\/es\/wp-json\/wp\/v2\/types\/page"}],"author":[{"embeddable":true,"href":"https:\/\/codyfororegon.com\/es\/wp-json\/wp\/v2\/users\/2"}],"replies":[{"embeddable":true,"href":"https:\/\/codyfororegon.com\/es\/wp-json\/wp\/v2\/comments?post=7091"}],"version-history":[{"count":14,"href":"https:\/\/codyfororegon.com\/es\/wp-json\/wp\/v2\/pages\/7091\/revisions"}],"predecessor-version":[{"id":7557,"href":"https:\/\/codyfororegon.com\/es\/wp-json\/wp\/v2\/pages\/7091\/revisions\/7557"}],"up":[{"embeddable":true,"href":"https:\/\/codyfororegon.com\/es\/wp-json\/wp\/v2\/pages\/7068"}],"wp:featuredmedia":[{"embeddable":true,"href":"https:\/\/codyfororegon.com\/es\/wp-json\/wp\/v2\/media\/7361"}],"wp:attachment":[{"href":"https:\/\/codyfororegon.com\/es\/wp-json\/wp\/v2\/media?parent=7091"}],"curies":[{"name":"wp","href":"https:\/\/api.w.org\/{rel}","templated":true}]}}