{"id":7260,"date":"2021-11-23T20:30:17","date_gmt":"2021-11-23T20:30:17","guid":{"rendered":"https:\/\/codyfororegon.com\/?page_id=7260"},"modified":"2022-01-07T02:49:11","modified_gmt":"2022-01-07T02:49:11","slug":"jobs","status":"publish","type":"page","link":"https:\/\/codyfororegon.com\/es\/issues\/jobs\/","title":{"rendered":"Trabajos"},"content":{"rendered":"<div class=\"vc_row wpb_row vc_row-fluid\"><div class=\"wpb_column vc_column_container vc_col-sm-12\"><div class=\"vc_column-inner\"><div class=\"wpb_wrapper\"><div class=\"title-subtile-holder\"><h1 class=\"section-title dark_title\">Trabajos<\/h1><div class=\"section-subtitle dark_subtitle\"><\/div><\/div><\/div><\/div><\/div><\/div><div class=\"vc_row wpb_row vc_row-fluid vc_custom_1637699831055 vc_row-o-content-middle vc_row-flex\"><div class=\"wpb_column vc_column_container vc_col-sm-12\"><div class=\"vc_column-inner\"><div class=\"wpb_wrapper\"><div  class=\"vc_wp_text wpb_content_element\"><div class=\"widget widget_text\">\t\t\t<div class=\"textwidget\"><p>Cuando sea elegido para el Congreso, mi plan es centrarse en la formaci\u00f3n laboral real en las habilidades que necesita la comunidad empresarial de Oreg\u00f3n. Creo que todos los habitantes de Oreg\u00f3n se merecen la oportunidad de desarrollar las habilidades que desean, para ganar el dinero que necesitan para mantenerse a s\u00ed mismos y a sus familias.<\/p>\n<\/div>\n\t\t<\/div><\/div><\/div><\/div><\/div><\/div>","protected":false},"excerpt":{"rendered":"Jobs When I\u2019m elected to Congress, my plan is to focus on real job training in skills that are needed by the Oregon business community. I believe that every Oregonian [...]","protected":false},"author":2,"featured_media":7484,"parent":7068,"menu_order":3,"comment_status":"closed","ping_status":"closed","template":"","meta":{"give_campaign_id":0,"footnotes":""},"class_list":["post-7260","page","type-page","status-publish","has-post-thumbnail","hentry"],"yoast_head":"<!-- This site is optimized with the Yoast SEO plugin v25.6 - https:\/\/yoast.com\/wordpress\/plugins\/seo\/ -->\n<title>Jobs - Cody Reynolds For Oregon&#039;s 6th Congressional District<\/title>\n<meta name=\"description\" content=\"Cody believes in economic empowerment through skills based training, incentivizing self-employment, and attracting job creators in Oregon.\" \/>\n<meta name=\"robots\" content=\"index, follow, max-snippet:-1, max-image-preview:large, max-video-preview:-1\" \/>\n<link rel=\"canonical\" href=\"https:\/\/codyfororegon.com\/es\/issues\/jobs\/\" \/>\n<meta property=\"og:locale\" content=\"es_MX\" \/>\n<meta property=\"og:type\" content=\"article\" \/>\n<meta property=\"og:title\" content=\"Jobs - Cody Reynolds For Oregon&#039;s 6th Congressional District\" \/>\n<meta property=\"og:description\" content=\"Cody believes in economic empowerment through skills based training, incentivizing self-employment, and attracting job creators in Oregon.\" \/>\n<meta property=\"og:url\" content=\"https:\/\/codyfororegon.com\/es\/issues\/jobs\/\" \/>\n<meta property=\"og:site_name\" content=\"Cody Reynolds For Oregon&#039;s 6th Congressional District\" \/>\n<meta property=\"article:publisher\" content=\"https:\/\/www.facebook.com\/CodyForOregon\/\" \/>\n<meta property=\"article:modified_time\" content=\"2022-01-07T02:49:11+00:00\" \/>\n<meta property=\"og:image\" content=\"https:\/\/codyfororegon.com\/wp-content\/uploads\/2022\/01\/jobs_s.png\" \/>\n\t<meta property=\"og:image:width\" content=\"390\" \/>\n\t<meta property=\"og:image:height\" content=\"275\" \/>\n\t<meta property=\"og:image:type\" content=\"image\/png\" \/>\n<meta name=\"twitter:card\" content=\"summary_large_image\" \/>\n<meta name=\"twitter:site\" content=\"@codyfororegon\" \/>\n<script type=\"application\/ld+json\" class=\"yoast-schema-graph\">{\"@context\":\"https:\/\/schema.org\",\"@graph\":[{\"@type\":\"WebPage\",\"@id\":\"https:\/\/codyfororegon.com\/issues\/jobs\/\",\"url\":\"https:\/\/codyfororegon.com\/issues\/jobs\/\",\"name\":\"Jobs - Cody Reynolds For Oregon&#039;s 6th Congressional District\",\"isPartOf\":{\"@id\":\"https:\/\/codyfororegon.com\/#website\"},\"primaryImageOfPage\":{\"@id\":\"https:\/\/codyfororegon.com\/issues\/jobs\/#primaryimage\"},\"image\":{\"@id\":\"https:\/\/codyfororegon.com\/issues\/jobs\/#primaryimage\"},\"thumbnailUrl\":\"https:\/\/codyfororegon.com\/wp-content\/uploads\/2022\/01\/jobs_s.png\",\"datePublished\":\"2021-11-23T20:30:17+00:00\",\"dateModified\":\"2022-01-07T02:49:11+00:00\",\"description\":\"Cody believes in economic empowerment through skills based training, incentivizing self-employment, and attracting job creators in Oregon.\",\"breadcrumb\":{\"@id\":\"https:\/\/codyfororegon.com\/issues\/jobs\/#breadcrumb\"},\"inLanguage\":\"es\",\"potentialAction\":[{\"@type\":\"ReadAction\",\"target\":[\"https:\/\/codyfororegon.com\/issues\/jobs\/\"]}]},{\"@type\":\"ImageObject\",\"inLanguage\":\"es\",\"@id\":\"https:\/\/codyfororegon.com\/issues\/jobs\/#primaryimage\",\"url\":\"https:\/\/codyfororegon.com\/wp-content\/uploads\/2022\/01\/jobs_s.png\",\"contentUrl\":\"https:\/\/codyfororegon.com\/wp-content\/uploads\/2022\/01\/jobs_s.png\",\"width\":390,\"height\":275,\"caption\":\"Jobs in Oregon\"},{\"@type\":\"BreadcrumbList\",\"@id\":\"https:\/\/codyfororegon.com\/issues\/jobs\/#breadcrumb\",\"itemListElement\":[{\"@type\":\"ListItem\",\"position\":1,\"name\":\"Home\",\"item\":\"https:\/\/codyfororegon.com\/\"},{\"@type\":\"ListItem\",\"position\":2,\"name\":\"Issues\",\"item\":\"https:\/\/codyfororegon.com\/issues\/\"},{\"@type\":\"ListItem\",\"position\":3,\"name\":\"Jobs\"}]},{\"@type\":\"WebSite\",\"@id\":\"https:\/\/codyfororegon.com\/#website\",\"url\":\"https:\/\/codyfororegon.com\/\",\"name\":\"Cody Reynolds For Oregon&#039;s 6th Congressional District\",\"description\":\"Cody For Oregon\",\"publisher\":{\"@id\":\"https:\/\/codyfororegon.com\/#organization\"},\"potentialAction\":[{\"@type\":\"SearchAction\",\"target\":{\"@type\":\"EntryPoint\",\"urlTemplate\":\"https:\/\/codyfororegon.com\/?s={search_term_string}\"},\"query-input\":{\"@type\":\"PropertyValueSpecification\",\"valueRequired\":true,\"valueName\":\"search_term_string\"}}],\"inLanguage\":\"es\"},{\"@type\":\"Organization\",\"@id\":\"https:\/\/codyfororegon.com\/#organization\",\"name\":\"Cody For Oregon\",\"url\":\"https:\/\/codyfororegon.com\/\",\"logo\":{\"@type\":\"ImageObject\",\"inLanguage\":\"es\",\"@id\":\"https:\/\/codyfororegon.com\/#\/schema\/logo\/image\/\",\"url\":\"https:\/\/codyfororegon.com\/wp-content\/uploads\/2022\/01\/Cody-For-Oregon-Picture-01-1024x576.png\",\"contentUrl\":\"https:\/\/codyfororegon.com\/wp-content\/uploads\/2022\/01\/Cody-For-Oregon-Picture-01-1024x576.png\",\"width\":1024,\"height\":576,\"caption\":\"Cody For Oregon\"},\"image\":{\"@id\":\"https:\/\/codyfororegon.com\/#\/schema\/logo\/image\/\"},\"sameAs\":[\"https:\/\/www.facebook.com\/CodyForOregon\/\",\"https:\/\/x.com\/codyfororegon\",\"https:\/\/www.instagram.com\/cody4oregon\/\",\"https:\/\/www.youtube.com\/channel\/UCotg7yX_vv7tNHrT9j0RYOQ\"]}]}<\/script>\n<!-- \/ Yoast SEO plugin. -->","yoast_head_json":{"title":"Jobs - Cody Reynolds For Oregon&#039;s 6th Congressional District","description":"Cody believes in economic empowerment through skills based training, incentivizing self-employment, and attracting job creators in Oregon.","robots":{"index":"index","follow":"follow","max-snippet":"max-snippet:-1","max-image-preview":"max-image-preview:large","max-video-preview":"max-video-preview:-1"},"canonical":"https:\/\/codyfororegon.com\/es\/issues\/jobs\/","og_locale":"es_MX","og_type":"article","og_title":"Jobs - Cody Reynolds For Oregon&#039;s 6th Congressional District","og_description":"Cody believes in economic empowerment through skills based training, incentivizing self-employment, and attracting job creators in Oregon.","og_url":"https:\/\/codyfororegon.com\/es\/issues\/jobs\/","og_site_name":"Cody Reynolds For Oregon&#039;s 6th Congressional District","article_publisher":"https:\/\/www.facebook.com\/CodyForOregon\/","article_modified_time":"2022-01-07T02:49:11+00:00","og_image":[{"width":390,"height":275,"url":"https:\/\/codyfororegon.com\/wp-content\/uploads\/2022\/01\/jobs_s.png","type":"image\/png"}],"twitter_card":"summary_large_image","twitter_site":"@codyfororegon","schema":{"@context":"https:\/\/schema.org","@graph":[{"@type":"WebPage","@id":"https:\/\/codyfororegon.com\/issues\/jobs\/","url":"https:\/\/codyfororegon.com\/issues\/jobs\/","name":"Jobs - Cody Reynolds For Oregon&#039;s 6th Congressional District","isPartOf":{"@id":"https:\/\/codyfororegon.com\/#website"},"primaryImageOfPage":{"@id":"https:\/\/codyfororegon.com\/issues\/jobs\/#primaryimage"},"image":{"@id":"https:\/\/codyfororegon.com\/issues\/jobs\/#primaryimage"},"thumbnailUrl":"https:\/\/codyfororegon.com\/wp-content\/uploads\/2022\/01\/jobs_s.png","datePublished":"2021-11-23T20:30:17+00:00","dateModified":"2022-01-07T02:49:11+00:00","description":"Cody believes in economic empowerment through skills based training, incentivizing self-employment, and attracting job creators in Oregon.","breadcrumb":{"@id":"https:\/\/codyfororegon.com\/issues\/jobs\/#breadcrumb"},"inLanguage":"es","potentialAction":[{"@type":"ReadAction","target":["https:\/\/codyfororegon.com\/issues\/jobs\/"]}]},{"@type":"ImageObject","inLanguage":"es","@id":"https:\/\/codyfororegon.com\/issues\/jobs\/#primaryimage","url":"https:\/\/codyfororegon.com\/wp-content\/uploads\/2022\/01\/jobs_s.png","contentUrl":"https:\/\/codyfororegon.com\/wp-content\/uploads\/2022\/01\/jobs_s.png","width":390,"height":275,"caption":"Jobs in Oregon"},{"@type":"BreadcrumbList","@id":"https:\/\/codyfororegon.com\/issues\/jobs\/#breadcrumb","itemListElement":[{"@type":"ListItem","position":1,"name":"Home","item":"https:\/\/codyfororegon.com\/"},{"@type":"ListItem","position":2,"name":"Issues","item":"https:\/\/codyfororegon.com\/issues\/"},{"@type":"ListItem","position":3,"name":"Jobs"}]},{"@type":"WebSite","@id":"https:\/\/codyfororegon.com\/#website","url":"https:\/\/codyfororegon.com\/","name":"Cody Reynolds For Oregon&#039;s 6th Congressional District","description":"Cody For Oregon","publisher":{"@id":"https:\/\/codyfororegon.com\/#organization"},"potentialAction":[{"@type":"SearchAction","target":{"@type":"EntryPoint","urlTemplate":"https:\/\/codyfororegon.com\/?s={search_term_string}"},"query-input":{"@type":"PropertyValueSpecification","valueRequired":true,"valueName":"search_term_string"}}],"inLanguage":"es"},{"@type":"Organization","@id":"https:\/\/codyfororegon.com\/#organization","name":"Cody For Oregon","url":"https:\/\/codyfororegon.com\/","logo":{"@type":"ImageObject","inLanguage":"es","@id":"https:\/\/codyfororegon.com\/#\/schema\/logo\/image\/","url":"https:\/\/codyfororegon.com\/wp-content\/uploads\/2022\/01\/Cody-For-Oregon-Picture-01-1024x576.png","contentUrl":"https:\/\/codyfororegon.com\/wp-content\/uploads\/2022\/01\/Cody-For-Oregon-Picture-01-1024x576.png","width":1024,"height":576,"caption":"Cody For Oregon"},"image":{"@id":"https:\/\/codyfororegon.com\/#\/schema\/logo\/image\/"},"sameAs":["https:\/\/www.facebook.com\/CodyForOregon\/","https:\/\/x.com\/codyfororegon","https:\/\/www.instagram.com\/cody4oregon\/","https:\/\/www.youtube.com\/channel\/UCotg7yX_vv7tNHrT9j0RYOQ"]}]}},"campaignId":"","_links":{"self":[{"href":"https:\/\/codyfororegon.com\/es\/wp-json\/wp\/v2\/pages\/7260"}],"collection":[{"href":"https:\/\/codyfororegon.com\/es\/wp-json\/wp\/v2\/pages"}],"about":[{"href":"https:\/\/codyfororegon.com\/es\/wp-json\/wp\/v2\/types\/page"}],"author":[{"embeddable":true,"href":"https:\/\/codyfororegon.com\/es\/wp-json\/wp\/v2\/users\/2"}],"replies":[{"embeddable":true,"href":"https:\/\/codyfororegon.com\/es\/wp-json\/wp\/v2\/comments?post=7260"}],"version-history":[{"count":11,"href":"https:\/\/codyfororegon.com\/es\/wp-json\/wp\/v2\/pages\/7260\/revisions"}],"predecessor-version":[{"id":7542,"href":"https:\/\/codyfororegon.com\/es\/wp-json\/wp\/v2\/pages\/7260\/revisions\/7542"}],"up":[{"embeddable":true,"href":"https:\/\/codyfororegon.com\/es\/wp-json\/wp\/v2\/pages\/7068"}],"wp:featuredmedia":[{"embeddable":true,"href":"https:\/\/codyfororegon.com\/es\/wp-json\/wp\/v2\/media\/7484"}],"wp:attachment":[{"href":"https:\/\/codyfororegon.com\/es\/wp-json\/wp\/v2\/media?parent=7260"}],"curies":[{"name":"wp","href":"https:\/\/api.w.org\/{rel}","templated":true}]}}