{"id":7270,"date":"2021-11-23T20:38:06","date_gmt":"2021-11-23T20:38:06","guid":{"rendered":"https:\/\/codyfororegon.com\/?page_id=7270"},"modified":"2022-01-07T02:52:23","modified_gmt":"2022-01-07T02:52:23","slug":"climate-change","status":"publish","type":"page","link":"https:\/\/codyfororegon.com\/es\/issues\/climate-change\/","title":{"rendered":"Cambio clim\u00e1tico"},"content":{"rendered":"<div class=\"vc_row wpb_row vc_row-fluid\"><div class=\"wpb_column vc_column_container vc_col-sm-12\"><div class=\"vc_column-inner\"><div class=\"wpb_wrapper\"><div class=\"title-subtile-holder\"><h1 class=\"section-title dark_title\">Cambio clim\u00e1tico<\/h1><div class=\"section-subtitle dark_subtitle\"><\/div><\/div><\/div><\/div><\/div><\/div><div class=\"vc_row wpb_row vc_row-fluid vc_custom_1637699970710\"><div class=\"wpb_column vc_column_container vc_col-sm-12\"><div class=\"vc_column-inner\"><div class=\"wpb_wrapper\">\n\t<div class=\"wpb_text_column wpb_content_element\" >\n\t\t<div class=\"wpb_wrapper\">\n\t\t\t<p>Creo que para frenar el cambio clim\u00e1tico es necesario actuar con valent\u00eda. Tenemos que dar prioridad a la transici\u00f3n de los combustibles f\u00f3siles hacia las fuentes de energ\u00eda renovables. Para que este cambio tenga \u00e9xito, debemos incentivar a las empresas y a los particulares para que inviertan en sus edificios y hogares. Creo que debemos tomar medidas pragm\u00e1ticas y audaces para frenar el cambio clim\u00e1tico centrando nuestros esfuerzos en el desarrollo de tecnolog\u00edas de energ\u00eda limpia como la solar, la e\u00f3lica, la hidroel\u00e9ctrica y las bater\u00edas avanzadas para alimentar los hogares y la econom\u00eda del futuro.<\/p>\n\n\t\t<\/div>\n\t<\/div>\n<div class=\"vc_empty_space\"   style=\"height: 32px\"><span class=\"vc_empty_space_inner\"><\/span><\/div><\/div><\/div><\/div><\/div><div class=\"vc_row wpb_row vc_row-fluid\"><div class=\"wpb_column vc_column_container vc_col-sm-12\"><div class=\"vc_column-inner\"><div class=\"wpb_wrapper\">\n\t<div class=\"wpb_video_widget wpb_content_element vc_clearfix   vc_video-aspect-ratio-169 vc_video-el-width-80 vc_video-align-center\" >\n\t\t<div class=\"wpb_wrapper\">\n\t\t\t\n\t\t\t<div class=\"wpb_video_wrapper\"><iframe loading=\"lazy\" title=\"Cody Reynolds - Climate Change\" width=\"640\" height=\"360\" src=\"https:\/\/www.youtube.com\/embed\/8h-T-uHViOw?feature=oembed\" frameborder=\"0\" allow=\"accelerometer; autoplay; clipboard-write; encrypted-media; gyroscope; picture-in-picture; web-share\" referrerpolicy=\"strict-origin-when-cross-origin\" allowfullscreen><\/iframe><\/div>\n\t\t<\/div>\n\t<\/div>\n<\/div><\/div><\/div><\/div>","protected":false},"excerpt":{"rendered":"Climate Change I believe that in order to slow climate change, it\u2019s necessary to act boldly. We need to prioritize the transition from fossil fuels towards renewable energy sources. In [...]","protected":false},"author":2,"featured_media":7357,"parent":7068,"menu_order":4,"comment_status":"closed","ping_status":"closed","template":"","meta":{"give_campaign_id":0,"footnotes":""},"class_list":["post-7270","page","type-page","status-publish","has-post-thumbnail","hentry"],"yoast_head":"<!-- This site is optimized with the Yoast SEO plugin v25.6 - https:\/\/yoast.com\/wordpress\/plugins\/seo\/ -->\n<title>Climate Change - Cody Reynolds For Oregon&#039;s 6th Congressional District<\/title>\n<meta name=\"description\" content=\"Cody believes that in order to slow climate change, it\u2019s necessary to act boldly. Find out more about his plan to create a greener tomorrow.\" \/>\n<meta name=\"robots\" content=\"index, follow, max-snippet:-1, max-image-preview:large, max-video-preview:-1\" \/>\n<link rel=\"canonical\" href=\"https:\/\/codyfororegon.com\/es\/issues\/climate-change\/\" \/>\n<meta property=\"og:locale\" content=\"es_MX\" \/>\n<meta property=\"og:type\" content=\"article\" \/>\n<meta property=\"og:title\" content=\"Climate Change - Cody Reynolds For Oregon&#039;s 6th Congressional District\" \/>\n<meta property=\"og:description\" content=\"Cody believes that in order to slow climate change, it\u2019s necessary to act boldly. Find out more about his plan to create a greener tomorrow.\" \/>\n<meta property=\"og:url\" content=\"https:\/\/codyfororegon.com\/es\/issues\/climate-change\/\" \/>\n<meta property=\"og:site_name\" content=\"Cody Reynolds For Oregon&#039;s 6th Congressional District\" \/>\n<meta property=\"article:publisher\" content=\"https:\/\/www.facebook.com\/CodyForOregon\/\" \/>\n<meta property=\"article:modified_time\" content=\"2022-01-07T02:52:23+00:00\" \/>\n<meta property=\"og:image\" content=\"https:\/\/codyfororegon.com\/wp-content\/uploads\/2021\/12\/climate-change.png\" \/>\n\t<meta property=\"og:image:width\" content=\"958\" \/>\n\t<meta property=\"og:image:height\" content=\"1089\" \/>\n\t<meta property=\"og:image:type\" content=\"image\/png\" \/>\n<meta name=\"twitter:card\" content=\"summary_large_image\" \/>\n<meta name=\"twitter:site\" content=\"@codyfororegon\" \/>\n<meta name=\"twitter:label1\" content=\"Tiempo de lectura\" \/>\n\t<meta name=\"twitter:data1\" content=\"1 minuto\" \/>\n<script type=\"application\/ld+json\" class=\"yoast-schema-graph\">{\"@context\":\"https:\/\/schema.org\",\"@graph\":[{\"@type\":\"WebPage\",\"@id\":\"https:\/\/codyfororegon.com\/issues\/climate-change\/\",\"url\":\"https:\/\/codyfororegon.com\/issues\/climate-change\/\",\"name\":\"Climate Change - Cody Reynolds For Oregon&#039;s 6th Congressional District\",\"isPartOf\":{\"@id\":\"https:\/\/codyfororegon.com\/#website\"},\"primaryImageOfPage\":{\"@id\":\"https:\/\/codyfororegon.com\/issues\/climate-change\/#primaryimage\"},\"image\":{\"@id\":\"https:\/\/codyfororegon.com\/issues\/climate-change\/#primaryimage\"},\"thumbnailUrl\":\"https:\/\/codyfororegon.com\/wp-content\/uploads\/2021\/12\/climate-change.png\",\"datePublished\":\"2021-11-23T20:38:06+00:00\",\"dateModified\":\"2022-01-07T02:52:23+00:00\",\"description\":\"Cody believes that in order to slow climate change, it\u2019s necessary to act boldly. Find out more about his plan to create a greener tomorrow.\",\"breadcrumb\":{\"@id\":\"https:\/\/codyfororegon.com\/issues\/climate-change\/#breadcrumb\"},\"inLanguage\":\"es\",\"potentialAction\":[{\"@type\":\"ReadAction\",\"target\":[\"https:\/\/codyfororegon.com\/issues\/climate-change\/\"]}]},{\"@type\":\"ImageObject\",\"inLanguage\":\"es\",\"@id\":\"https:\/\/codyfororegon.com\/issues\/climate-change\/#primaryimage\",\"url\":\"https:\/\/codyfororegon.com\/wp-content\/uploads\/2021\/12\/climate-change.png\",\"contentUrl\":\"https:\/\/codyfororegon.com\/wp-content\/uploads\/2021\/12\/climate-change.png\",\"width\":958,\"height\":1089,\"caption\":\"Climate Change\"},{\"@type\":\"BreadcrumbList\",\"@id\":\"https:\/\/codyfororegon.com\/issues\/climate-change\/#breadcrumb\",\"itemListElement\":[{\"@type\":\"ListItem\",\"position\":1,\"name\":\"Home\",\"item\":\"https:\/\/codyfororegon.com\/\"},{\"@type\":\"ListItem\",\"position\":2,\"name\":\"Issues\",\"item\":\"https:\/\/codyfororegon.com\/issues\/\"},{\"@type\":\"ListItem\",\"position\":3,\"name\":\"Climate Change\"}]},{\"@type\":\"WebSite\",\"@id\":\"https:\/\/codyfororegon.com\/#website\",\"url\":\"https:\/\/codyfororegon.com\/\",\"name\":\"Cody Reynolds For Oregon&#039;s 6th Congressional District\",\"description\":\"Cody For Oregon\",\"publisher\":{\"@id\":\"https:\/\/codyfororegon.com\/#organization\"},\"potentialAction\":[{\"@type\":\"SearchAction\",\"target\":{\"@type\":\"EntryPoint\",\"urlTemplate\":\"https:\/\/codyfororegon.com\/?s={search_term_string}\"},\"query-input\":{\"@type\":\"PropertyValueSpecification\",\"valueRequired\":true,\"valueName\":\"search_term_string\"}}],\"inLanguage\":\"es\"},{\"@type\":\"Organization\",\"@id\":\"https:\/\/codyfororegon.com\/#organization\",\"name\":\"Cody For Oregon\",\"url\":\"https:\/\/codyfororegon.com\/\",\"logo\":{\"@type\":\"ImageObject\",\"inLanguage\":\"es\",\"@id\":\"https:\/\/codyfororegon.com\/#\/schema\/logo\/image\/\",\"url\":\"https:\/\/codyfororegon.com\/wp-content\/uploads\/2022\/01\/Cody-For-Oregon-Picture-01-1024x576.png\",\"contentUrl\":\"https:\/\/codyfororegon.com\/wp-content\/uploads\/2022\/01\/Cody-For-Oregon-Picture-01-1024x576.png\",\"width\":1024,\"height\":576,\"caption\":\"Cody For Oregon\"},\"image\":{\"@id\":\"https:\/\/codyfororegon.com\/#\/schema\/logo\/image\/\"},\"sameAs\":[\"https:\/\/www.facebook.com\/CodyForOregon\/\",\"https:\/\/x.com\/codyfororegon\",\"https:\/\/www.instagram.com\/cody4oregon\/\",\"https:\/\/www.youtube.com\/channel\/UCotg7yX_vv7tNHrT9j0RYOQ\"]}]}<\/script>\n<!-- \/ Yoast SEO plugin. -->","yoast_head_json":{"title":"Climate Change - Cody Reynolds For Oregon&#039;s 6th Congressional District","description":"Cody believes that in order to slow climate change, it\u2019s necessary to act boldly. Find out more about his plan to create a greener tomorrow.","robots":{"index":"index","follow":"follow","max-snippet":"max-snippet:-1","max-image-preview":"max-image-preview:large","max-video-preview":"max-video-preview:-1"},"canonical":"https:\/\/codyfororegon.com\/es\/issues\/climate-change\/","og_locale":"es_MX","og_type":"article","og_title":"Climate Change - Cody Reynolds For Oregon&#039;s 6th Congressional District","og_description":"Cody believes that in order to slow climate change, it\u2019s necessary to act boldly. Find out more about his plan to create a greener tomorrow.","og_url":"https:\/\/codyfororegon.com\/es\/issues\/climate-change\/","og_site_name":"Cody Reynolds For Oregon&#039;s 6th Congressional District","article_publisher":"https:\/\/www.facebook.com\/CodyForOregon\/","article_modified_time":"2022-01-07T02:52:23+00:00","og_image":[{"width":958,"height":1089,"url":"https:\/\/codyfororegon.com\/wp-content\/uploads\/2021\/12\/climate-change.png","type":"image\/png"}],"twitter_card":"summary_large_image","twitter_site":"@codyfororegon","twitter_misc":{"Tiempo de lectura":"1 minuto"},"schema":{"@context":"https:\/\/schema.org","@graph":[{"@type":"WebPage","@id":"https:\/\/codyfororegon.com\/issues\/climate-change\/","url":"https:\/\/codyfororegon.com\/issues\/climate-change\/","name":"Climate Change - Cody Reynolds For Oregon&#039;s 6th Congressional District","isPartOf":{"@id":"https:\/\/codyfororegon.com\/#website"},"primaryImageOfPage":{"@id":"https:\/\/codyfororegon.com\/issues\/climate-change\/#primaryimage"},"image":{"@id":"https:\/\/codyfororegon.com\/issues\/climate-change\/#primaryimage"},"thumbnailUrl":"https:\/\/codyfororegon.com\/wp-content\/uploads\/2021\/12\/climate-change.png","datePublished":"2021-11-23T20:38:06+00:00","dateModified":"2022-01-07T02:52:23+00:00","description":"Cody believes that in order to slow climate change, it\u2019s necessary to act boldly. Find out more about his plan to create a greener tomorrow.","breadcrumb":{"@id":"https:\/\/codyfororegon.com\/issues\/climate-change\/#breadcrumb"},"inLanguage":"es","potentialAction":[{"@type":"ReadAction","target":["https:\/\/codyfororegon.com\/issues\/climate-change\/"]}]},{"@type":"ImageObject","inLanguage":"es","@id":"https:\/\/codyfororegon.com\/issues\/climate-change\/#primaryimage","url":"https:\/\/codyfororegon.com\/wp-content\/uploads\/2021\/12\/climate-change.png","contentUrl":"https:\/\/codyfororegon.com\/wp-content\/uploads\/2021\/12\/climate-change.png","width":958,"height":1089,"caption":"Climate Change"},{"@type":"BreadcrumbList","@id":"https:\/\/codyfororegon.com\/issues\/climate-change\/#breadcrumb","itemListElement":[{"@type":"ListItem","position":1,"name":"Home","item":"https:\/\/codyfororegon.com\/"},{"@type":"ListItem","position":2,"name":"Issues","item":"https:\/\/codyfororegon.com\/issues\/"},{"@type":"ListItem","position":3,"name":"Climate Change"}]},{"@type":"WebSite","@id":"https:\/\/codyfororegon.com\/#website","url":"https:\/\/codyfororegon.com\/","name":"Cody Reynolds For Oregon&#039;s 6th Congressional District","description":"Cody For Oregon","publisher":{"@id":"https:\/\/codyfororegon.com\/#organization"},"potentialAction":[{"@type":"SearchAction","target":{"@type":"EntryPoint","urlTemplate":"https:\/\/codyfororegon.com\/?s={search_term_string}"},"query-input":{"@type":"PropertyValueSpecification","valueRequired":true,"valueName":"search_term_string"}}],"inLanguage":"es"},{"@type":"Organization","@id":"https:\/\/codyfororegon.com\/#organization","name":"Cody For Oregon","url":"https:\/\/codyfororegon.com\/","logo":{"@type":"ImageObject","inLanguage":"es","@id":"https:\/\/codyfororegon.com\/#\/schema\/logo\/image\/","url":"https:\/\/codyfororegon.com\/wp-content\/uploads\/2022\/01\/Cody-For-Oregon-Picture-01-1024x576.png","contentUrl":"https:\/\/codyfororegon.com\/wp-content\/uploads\/2022\/01\/Cody-For-Oregon-Picture-01-1024x576.png","width":1024,"height":576,"caption":"Cody For Oregon"},"image":{"@id":"https:\/\/codyfororegon.com\/#\/schema\/logo\/image\/"},"sameAs":["https:\/\/www.facebook.com\/CodyForOregon\/","https:\/\/x.com\/codyfororegon","https:\/\/www.instagram.com\/cody4oregon\/","https:\/\/www.youtube.com\/channel\/UCotg7yX_vv7tNHrT9j0RYOQ"]}]}},"campaignId":"","_links":{"self":[{"href":"https:\/\/codyfororegon.com\/es\/wp-json\/wp\/v2\/pages\/7270"}],"collection":[{"href":"https:\/\/codyfororegon.com\/es\/wp-json\/wp\/v2\/pages"}],"about":[{"href":"https:\/\/codyfororegon.com\/es\/wp-json\/wp\/v2\/types\/page"}],"author":[{"embeddable":true,"href":"https:\/\/codyfororegon.com\/es\/wp-json\/wp\/v2\/users\/2"}],"replies":[{"embeddable":true,"href":"https:\/\/codyfororegon.com\/es\/wp-json\/wp\/v2\/comments?post=7270"}],"version-history":[{"count":9,"href":"https:\/\/codyfororegon.com\/es\/wp-json\/wp\/v2\/pages\/7270\/revisions"}],"predecessor-version":[{"id":7543,"href":"https:\/\/codyfororegon.com\/es\/wp-json\/wp\/v2\/pages\/7270\/revisions\/7543"}],"up":[{"embeddable":true,"href":"https:\/\/codyfororegon.com\/es\/wp-json\/wp\/v2\/pages\/7068"}],"wp:featuredmedia":[{"embeddable":true,"href":"https:\/\/codyfororegon.com\/es\/wp-json\/wp\/v2\/media\/7357"}],"wp:attachment":[{"href":"https:\/\/codyfororegon.com\/es\/wp-json\/wp\/v2\/media?parent=7270"}],"curies":[{"name":"wp","href":"https:\/\/api.w.org\/{rel}","templated":true}]}}