{"id":7626,"date":"2024-02-28T20:11:30","date_gmt":"2024-02-28T20:11:30","guid":{"rendered":"https:\/\/codyfororegon.com\/?page_id=7626"},"modified":"2024-02-28T20:19:54","modified_gmt":"2024-02-28T20:19:54","slug":"with-honor-pledge","status":"publish","type":"page","link":"https:\/\/codyfororegon.com\/es\/with-honor-pledge\/","title":{"rendered":"Con Compromiso de Honor"},"content":{"rendered":"<div class=\"vc_row wpb_row vc_row-fluid vc_custom_1709151369109\"><div class=\"wpb_column vc_column_container vc_col-sm-12\"><div class=\"vc_column-inner\"><div class=\"wpb_wrapper\"><div class=\"title-subtile-holder\"><h1 class=\"section-title dark_title\">Con Compromiso de Honor<\/h1><div class=\"section-subtitle dark_subtitle\"><\/div><\/div><\/div><\/div><\/div><\/div><div class=\"vc_row wpb_row vc_row-fluid\"><div class=\"wpb_column vc_column_container vc_col-sm-12\"><div class=\"vc_column-inner\"><div class=\"wpb_wrapper\">\n\t<div class=\"wpb_text_column wpb_content_element\" >\n\t\t<div class=\"wpb_wrapper\">\n\t\t\t<p class=\"translation-block\">Me comprometo a firmar y cumplir el <a href=\"https:\/\/withhonor.org\/the-pledge\/\" target=\"_self\">With Honor Pledge<\/a>. Me unir\u00e9 a otros veteranos en un esfuerzo bipartidista para devolver el civismo a nuestra pol\u00edtica. El primer paso es firmar el Compromiso con el Honor en mi primer d\u00eda de mandato.<\/p>\n\n\t\t<\/div>\n\t<\/div>\n<\/div><\/div><\/div><\/div><div class=\"vc_row wpb_row vc_row-fluid\"><div class=\"wpb_column vc_column_container vc_col-sm-6\"><div class=\"vc_column-inner\"><div class=\"wpb_wrapper\">\n\t<div class=\"wpb_text_column wpb_content_element\" >\n\t\t<div class=\"wpb_wrapper\">\n\t\t\t<h2 class=\"western\">Integridad<\/h2>\n<ul>\n<li>Ser\u00e9 honesto.<\/li>\n<li>Utilizar\u00e9 el poder de mi cargo s\u00f3lo para el servicio de mis electores y de mi pa\u00eds.<\/li>\n<\/ul>\n<h2 class=\"western\">Civismo<\/h2>\n<ul>\n<li>Trabajar\u00e9 para llevar el civismo al Congreso<\/li>\n<li>Participar\u00e9 en un grupo multipartidista de veteranos<\/li>\n<\/ul>\n<h2 class=\"western\">Valor<\/h2>\n<div class=\"wpb_text_column wpb_content_element\">\n<div class=\"wpb_wrapper\">\n<ul>\n<li>Al menos una vez al mes me reunir\u00e9 personalmente con un diputado del partido contrario.<\/li>\n<li>Me unir\u00e9 a colegas de ambos lados del pasillo en al menos una pieza de legislaci\u00f3n sustancial cada a\u00f1o, y copatrocinar\u00e9 otras piezas.<\/li>\n<\/ul>\n<\/div>\n<\/div>\n<div class=\"vc_empty_space\"><\/div>\n\n\t\t<\/div>\n\t<\/div>\n<\/div><\/div><\/div><div class=\"wpb_column vc_column_container vc_col-sm-6\"><div class=\"vc_column-inner\"><div class=\"wpb_wrapper\">\n\t<div class=\"wpb_video_widget wpb_content_element vc_clearfix   vc_video-aspect-ratio-169 vc_video-el-width-100 vc_video-align-left\" >\n\t\t<div class=\"wpb_wrapper\">\n\t\t\t\n\t\t\t<div class=\"wpb_video_wrapper\"><iframe loading=\"lazy\" title=\"Cody For Oregon - With Honor Pledge\" width=\"640\" height=\"360\" src=\"https:\/\/www.youtube.com\/embed\/ebvVbo_O9x0?feature=oembed\" frameborder=\"0\" allow=\"accelerometer; autoplay; clipboard-write; encrypted-media; gyroscope; picture-in-picture; web-share\" referrerpolicy=\"strict-origin-when-cross-origin\" allowfullscreen><\/iframe><\/div>\n\t\t<\/div>\n\t<\/div>\n<\/div><\/div><\/div><\/div>","protected":false},"excerpt":{"rendered":"With Honor Pledge I pledge to sign and honor the With Honor Pledge. I will caucus with other veterans in a bipartisan effort to bring civility back to our politics. [...]","protected":false},"author":1,"featured_media":0,"parent":0,"menu_order":0,"comment_status":"closed","ping_status":"closed","template":"","meta":{"give_campaign_id":0,"footnotes":""},"class_list":["post-7626","page","type-page","status-publish","hentry"],"yoast_head":"<!-- This site is optimized with the Yoast SEO plugin v25.6 - https:\/\/yoast.com\/wordpress\/plugins\/seo\/ -->\n<title>With Honor Pledge - Cody Reynolds For Oregon&#039;s 6th Congressional District<\/title>\n<meta name=\"description\" content=\"I pledge to sign and honor the With Honor Pledge from With Honor Action. I will caucus with other veterans in a bipartisan effort.\" \/>\n<meta name=\"robots\" content=\"index, follow, max-snippet:-1, max-image-preview:large, max-video-preview:-1\" \/>\n<link rel=\"canonical\" href=\"https:\/\/codyfororegon.com\/es\/with-honor-pledge\/\" \/>\n<meta property=\"og:locale\" content=\"es_MX\" \/>\n<meta property=\"og:type\" content=\"article\" \/>\n<meta property=\"og:title\" content=\"With Honor Pledge - Cody Reynolds For Oregon&#039;s 6th Congressional District\" \/>\n<meta property=\"og:description\" content=\"I pledge to sign and honor the With Honor Pledge from With Honor Action. I will caucus with other veterans in a bipartisan effort.\" \/>\n<meta property=\"og:url\" content=\"https:\/\/codyfororegon.com\/es\/with-honor-pledge\/\" \/>\n<meta property=\"og:site_name\" content=\"Cody Reynolds For Oregon&#039;s 6th Congressional District\" \/>\n<meta property=\"article:publisher\" content=\"https:\/\/www.facebook.com\/CodyForOregon\/\" \/>\n<meta property=\"article:modified_time\" content=\"2024-02-28T20:19:54+00:00\" \/>\n<meta property=\"og:image\" content=\"https:\/\/codyfororegon.com\/wp-content\/uploads\/2022\/01\/Cody-For-Oregon-Picture-01-1024x576.png\" \/>\n\t<meta property=\"og:image:width\" content=\"1024\" \/>\n\t<meta property=\"og:image:height\" content=\"576\" \/>\n\t<meta property=\"og:image:type\" content=\"image\/png\" \/>\n<meta name=\"twitter:card\" content=\"summary_large_image\" \/>\n<meta name=\"twitter:site\" content=\"@codyfororegon\" \/>\n<meta name=\"twitter:label1\" content=\"Tiempo de lectura\" \/>\n\t<meta name=\"twitter:data1\" content=\"1 minuto\" \/>\n<script type=\"application\/ld+json\" class=\"yoast-schema-graph\">{\"@context\":\"https:\/\/schema.org\",\"@graph\":[{\"@type\":\"WebPage\",\"@id\":\"https:\/\/codyfororegon.com\/with-honor-pledge\/\",\"url\":\"https:\/\/codyfororegon.com\/with-honor-pledge\/\",\"name\":\"With Honor Pledge - Cody Reynolds For Oregon&#039;s 6th Congressional District\",\"isPartOf\":{\"@id\":\"https:\/\/codyfororegon.com\/#website\"},\"datePublished\":\"2024-02-28T20:11:30+00:00\",\"dateModified\":\"2024-02-28T20:19:54+00:00\",\"description\":\"I pledge to sign and honor the With Honor Pledge from With Honor Action. I will caucus with other veterans in a bipartisan effort.\",\"breadcrumb\":{\"@id\":\"https:\/\/codyfororegon.com\/with-honor-pledge\/#breadcrumb\"},\"inLanguage\":\"es\",\"potentialAction\":[{\"@type\":\"ReadAction\",\"target\":[\"https:\/\/codyfororegon.com\/with-honor-pledge\/\"]}]},{\"@type\":\"BreadcrumbList\",\"@id\":\"https:\/\/codyfororegon.com\/with-honor-pledge\/#breadcrumb\",\"itemListElement\":[{\"@type\":\"ListItem\",\"position\":1,\"name\":\"Home\",\"item\":\"https:\/\/codyfororegon.com\/\"},{\"@type\":\"ListItem\",\"position\":2,\"name\":\"With Honor Pledge\"}]},{\"@type\":\"WebSite\",\"@id\":\"https:\/\/codyfororegon.com\/#website\",\"url\":\"https:\/\/codyfororegon.com\/\",\"name\":\"Cody Reynolds For Oregon&#039;s 6th Congressional District\",\"description\":\"Cody For Oregon\",\"publisher\":{\"@id\":\"https:\/\/codyfororegon.com\/#organization\"},\"potentialAction\":[{\"@type\":\"SearchAction\",\"target\":{\"@type\":\"EntryPoint\",\"urlTemplate\":\"https:\/\/codyfororegon.com\/?s={search_term_string}\"},\"query-input\":{\"@type\":\"PropertyValueSpecification\",\"valueRequired\":true,\"valueName\":\"search_term_string\"}}],\"inLanguage\":\"es\"},{\"@type\":\"Organization\",\"@id\":\"https:\/\/codyfororegon.com\/#organization\",\"name\":\"Cody For Oregon\",\"url\":\"https:\/\/codyfororegon.com\/\",\"logo\":{\"@type\":\"ImageObject\",\"inLanguage\":\"es\",\"@id\":\"https:\/\/codyfororegon.com\/#\/schema\/logo\/image\/\",\"url\":\"https:\/\/codyfororegon.com\/wp-content\/uploads\/2022\/01\/Cody-For-Oregon-Picture-01-1024x576.png\",\"contentUrl\":\"https:\/\/codyfororegon.com\/wp-content\/uploads\/2022\/01\/Cody-For-Oregon-Picture-01-1024x576.png\",\"width\":1024,\"height\":576,\"caption\":\"Cody For Oregon\"},\"image\":{\"@id\":\"https:\/\/codyfororegon.com\/#\/schema\/logo\/image\/\"},\"sameAs\":[\"https:\/\/www.facebook.com\/CodyForOregon\/\",\"https:\/\/x.com\/codyfororegon\",\"https:\/\/www.instagram.com\/cody4oregon\/\",\"https:\/\/www.youtube.com\/channel\/UCotg7yX_vv7tNHrT9j0RYOQ\"]}]}<\/script>\n<!-- \/ Yoast SEO plugin. -->","yoast_head_json":{"title":"With Honor Pledge - Cody Reynolds For Oregon&#039;s 6th Congressional District","description":"I pledge to sign and honor the With Honor Pledge from With Honor Action. I will caucus with other veterans in a bipartisan effort.","robots":{"index":"index","follow":"follow","max-snippet":"max-snippet:-1","max-image-preview":"max-image-preview:large","max-video-preview":"max-video-preview:-1"},"canonical":"https:\/\/codyfororegon.com\/es\/with-honor-pledge\/","og_locale":"es_MX","og_type":"article","og_title":"With Honor Pledge - Cody Reynolds For Oregon&#039;s 6th Congressional District","og_description":"I pledge to sign and honor the With Honor Pledge from With Honor Action. I will caucus with other veterans in a bipartisan effort.","og_url":"https:\/\/codyfororegon.com\/es\/with-honor-pledge\/","og_site_name":"Cody Reynolds For Oregon&#039;s 6th Congressional District","article_publisher":"https:\/\/www.facebook.com\/CodyForOregon\/","article_modified_time":"2024-02-28T20:19:54+00:00","og_image":[{"width":1024,"height":576,"url":"https:\/\/codyfororegon.com\/wp-content\/uploads\/2022\/01\/Cody-For-Oregon-Picture-01-1024x576.png","type":"image\/png"}],"twitter_card":"summary_large_image","twitter_site":"@codyfororegon","twitter_misc":{"Tiempo de lectura":"1 minuto"},"schema":{"@context":"https:\/\/schema.org","@graph":[{"@type":"WebPage","@id":"https:\/\/codyfororegon.com\/with-honor-pledge\/","url":"https:\/\/codyfororegon.com\/with-honor-pledge\/","name":"With Honor Pledge - Cody Reynolds For Oregon&#039;s 6th Congressional District","isPartOf":{"@id":"https:\/\/codyfororegon.com\/#website"},"datePublished":"2024-02-28T20:11:30+00:00","dateModified":"2024-02-28T20:19:54+00:00","description":"I pledge to sign and honor the With Honor Pledge from With Honor Action. I will caucus with other veterans in a bipartisan effort.","breadcrumb":{"@id":"https:\/\/codyfororegon.com\/with-honor-pledge\/#breadcrumb"},"inLanguage":"es","potentialAction":[{"@type":"ReadAction","target":["https:\/\/codyfororegon.com\/with-honor-pledge\/"]}]},{"@type":"BreadcrumbList","@id":"https:\/\/codyfororegon.com\/with-honor-pledge\/#breadcrumb","itemListElement":[{"@type":"ListItem","position":1,"name":"Home","item":"https:\/\/codyfororegon.com\/"},{"@type":"ListItem","position":2,"name":"With Honor Pledge"}]},{"@type":"WebSite","@id":"https:\/\/codyfororegon.com\/#website","url":"https:\/\/codyfororegon.com\/","name":"Cody Reynolds For Oregon&#039;s 6th Congressional District","description":"Cody For Oregon","publisher":{"@id":"https:\/\/codyfororegon.com\/#organization"},"potentialAction":[{"@type":"SearchAction","target":{"@type":"EntryPoint","urlTemplate":"https:\/\/codyfororegon.com\/?s={search_term_string}"},"query-input":{"@type":"PropertyValueSpecification","valueRequired":true,"valueName":"search_term_string"}}],"inLanguage":"es"},{"@type":"Organization","@id":"https:\/\/codyfororegon.com\/#organization","name":"Cody For Oregon","url":"https:\/\/codyfororegon.com\/","logo":{"@type":"ImageObject","inLanguage":"es","@id":"https:\/\/codyfororegon.com\/#\/schema\/logo\/image\/","url":"https:\/\/codyfororegon.com\/wp-content\/uploads\/2022\/01\/Cody-For-Oregon-Picture-01-1024x576.png","contentUrl":"https:\/\/codyfororegon.com\/wp-content\/uploads\/2022\/01\/Cody-For-Oregon-Picture-01-1024x576.png","width":1024,"height":576,"caption":"Cody For Oregon"},"image":{"@id":"https:\/\/codyfororegon.com\/#\/schema\/logo\/image\/"},"sameAs":["https:\/\/www.facebook.com\/CodyForOregon\/","https:\/\/x.com\/codyfororegon","https:\/\/www.instagram.com\/cody4oregon\/","https:\/\/www.youtube.com\/channel\/UCotg7yX_vv7tNHrT9j0RYOQ"]}]}},"campaignId":"","_links":{"self":[{"href":"https:\/\/codyfororegon.com\/es\/wp-json\/wp\/v2\/pages\/7626"}],"collection":[{"href":"https:\/\/codyfororegon.com\/es\/wp-json\/wp\/v2\/pages"}],"about":[{"href":"https:\/\/codyfororegon.com\/es\/wp-json\/wp\/v2\/types\/page"}],"author":[{"embeddable":true,"href":"https:\/\/codyfororegon.com\/es\/wp-json\/wp\/v2\/users\/1"}],"replies":[{"embeddable":true,"href":"https:\/\/codyfororegon.com\/es\/wp-json\/wp\/v2\/comments?post=7626"}],"version-history":[{"count":6,"href":"https:\/\/codyfororegon.com\/es\/wp-json\/wp\/v2\/pages\/7626\/revisions"}],"predecessor-version":[{"id":7634,"href":"https:\/\/codyfororegon.com\/es\/wp-json\/wp\/v2\/pages\/7626\/revisions\/7634"}],"wp:attachment":[{"href":"https:\/\/codyfororegon.com\/es\/wp-json\/wp\/v2\/media?parent=7626"}],"curies":[{"name":"wp","href":"https:\/\/api.w.org\/{rel}","templated":true}]}}